{"id":2543,"date":"2024-06-17T10:58:40","date_gmt":"2024-06-17T08:58:40","guid":{"rendered":"https:\/\/dev26.otrmedia.nl\/?page_id=2543"},"modified":"2024-07-12T09:44:07","modified_gmt":"2024-07-12T07:44:07","slug":"combinar-nuestras-herramientas","status":"publish","type":"page","link":"https:\/\/moldbrotherspastry.com\/es\/combinar-nuestras-herramientas\/","title":{"rendered":"Combinar nuestras herramientas (plantilla)"},"content":{"rendered":"<div data-elementor-type=\"wp-page\" data-elementor-id=\"2543\" class=\"elementor elementor-2543\" data-elementor-post-type=\"page\">\n\t\t\t\t<div class=\"elementor-element elementor-element-89ec9fc e-flex e-con-boxed e-con e-parent\" data-id=\"89ec9fc\" data-element_type=\"container\" data-e-type=\"container\" data-settings=\"{&quot;background_background&quot;:&quot;classic&quot;,&quot;jet_parallax_layout_list&quot;:[]}\">\n\t\t\t\t\t<div class=\"e-con-inner\">\n\t\t<div class=\"elementor-element elementor-element-a4c6e50 e-flex e-con-boxed e-con e-child\" data-id=\"a4c6e50\" data-element_type=\"container\" data-e-type=\"container\" data-settings=\"{&quot;jet_parallax_layout_list&quot;:[]}\">\n\t\t\t\t\t<div class=\"e-con-inner\">\n\t\t\t\t<div class=\"elementor-element elementor-element-0ecbb6c elementor-widget__width-initial elementor-widget elementor-widget-heading\" data-id=\"0ecbb6c\" data-element_type=\"widget\" data-e-type=\"widget\" data-widget_type=\"heading.default\">\n\t\t\t\t<div class=\"elementor-widget-container\">\n\t\t\t\t\t<h2 class=\"elementor-heading-title elementor-size-default\">Sellos de chocolate<\/h2>\t\t\t\t<\/div>\n\t\t\t\t<\/div>\n\t\t\t\t<div class=\"elementor-element elementor-element-2bfd950 elementor-widget elementor-widget-text-editor\" data-id=\"2bfd950\" data-element_type=\"widget\" data-e-type=\"widget\" data-widget_type=\"text-editor.default\">\n\t\t\t\t<div class=\"elementor-widget-container\">\n\t\t\t\t\t\t\t\t\t<p>Lorem ipsum dolor sit amet, consectetur adipiscing elit. Ut elit tellus, luctus nec ullamcorper mattis, pulvinar dapibus leo.<\/p>\t\t\t\t\t\t\t\t<\/div>\n\t\t\t\t<\/div>\n\t\t\t\t\t<\/div>\n\t\t\t\t<\/div>\n\t\t<div class=\"elementor-element elementor-element-41b7dcc e-con-full e-flex e-con e-child\" data-id=\"41b7dcc\" data-element_type=\"container\" data-e-type=\"container\" data-settings=\"{&quot;jet_parallax_layout_list&quot;:[]}\">\n\t\t\t\t<div class=\"elementor-element elementor-element-7c91c13 elementor-widget elementor-widget-image\" data-id=\"7c91c13\" data-element_type=\"widget\" data-e-type=\"widget\" data-widget_type=\"image.default\">\n\t\t\t\t<div class=\"elementor-widget-container\">\n\t\t\t\t\t\t\t\t\t\t\t\t\t\t\t<img decoding=\"async\" src=\"https:\/\/moldbrotherspastry.com\/wp-content\/uploads\/elementor\/thumbs\/Pastry-shoot_0000s_0016_moldbrothers-pastry-\u00a9-Pieter-DHoop-5-qwb9s551mbu0v2enzfirara2t7ivdyo3vf1epunamg.jpg\" title=\"Sesi\u00f3n fotogr\u00e1fica de pasteler\u00eda_0000s_0016_pasteler\u00eda de los hermanos Mold - \u00a9 Pieter D&#039;Hoop-5\" alt=\"Sesi\u00f3n fotogr\u00e1fica de pasteler\u00eda_0000s_0016_pasteler\u00eda de los hermanos Mold - \u00a9 Pieter D&#039;Hoop-5\" loading=\"lazy\" \/>\t\t\t\t\t\t\t\t\t\t\t\t\t\t\t<\/div>\n\t\t\t\t<\/div>\n\t\t\t\t<\/div>\n\t\t\t\t\t<\/div>\n\t\t\t\t<\/div>\n\t\t\t\t<\/div>","protected":false},"excerpt":{"rendered":"<p>Chocolate stamps Lorem ipsum dolor sit amet, consectetur adipiscing elit. Ut elit tellus, luctus nec ullamcorper mattis, pulvinar dapibus leo.<\/p>","protected":false},"author":1,"featured_media":0,"parent":0,"menu_order":0,"comment_status":"closed","ping_status":"closed","template":"","meta":{"footnotes":""},"class_list":["post-2543","page","type-page","status-publish","hentry"],"_links":{"self":[{"href":"https:\/\/moldbrotherspastry.com\/es\/wp-json\/wp\/v2\/pages\/2543","targetHints":{"allow":["GET"]}}],"collection":[{"href":"https:\/\/moldbrotherspastry.com\/es\/wp-json\/wp\/v2\/pages"}],"about":[{"href":"https:\/\/moldbrotherspastry.com\/es\/wp-json\/wp\/v2\/types\/page"}],"author":[{"embeddable":true,"href":"https:\/\/moldbrotherspastry.com\/es\/wp-json\/wp\/v2\/users\/1"}],"replies":[{"embeddable":true,"href":"https:\/\/moldbrotherspastry.com\/es\/wp-json\/wp\/v2\/comments?post=2543"}],"version-history":[{"count":0,"href":"https:\/\/moldbrotherspastry.com\/es\/wp-json\/wp\/v2\/pages\/2543\/revisions"}],"wp:attachment":[{"href":"https:\/\/moldbrotherspastry.com\/es\/wp-json\/wp\/v2\/media?parent=2543"}],"curies":[{"name":"wp","href":"https:\/\/api.w.org\/{rel}","templated":true}]}}